{"id":6649,"date":"2021-11-16T10:22:25","date_gmt":"2021-11-16T09:22:25","guid":{"rendered":"https:\/\/flvassocies.com\/domaines-dintervention\/"},"modified":"2022-05-23T16:08:45","modified_gmt":"2022-05-23T14:08:45","slug":"main-industries","status":"publish","type":"page","link":"https:\/\/flvassocies.com\/en\/main-industries\/","title":{"rendered":"MAIN INDUSTRIES"},"content":{"rendered":"\t\t<div data-elementor-type=\"wp-page\" data-elementor-id=\"6649\" class=\"elementor elementor-6649 elementor-4585\" data-elementor-settings=\"[]\">\n\t\t\t\t\t\t\t<div class=\"elementor-section-wrap\">\n\t\t\t\t\t\t\t<section class=\"elementor-section elementor-top-section elementor-element elementor-element-d899c41 elementor-section-height-min-height elementor-section-boxed elementor-section-height-default elementor-section-items-middle\" data-id=\"d899c41\" data-element_type=\"section\" data-settings=\"{&quot;background_background&quot;:&quot;classic&quot;}\">\n\t\t\t\t\t\t\t<div class=\"elementor-background-overlay\"><\/div>\n\t\t\t\t\t\t\t<div class=\"elementor-container elementor-column-gap-default\">\n\t\t\t\t\t<div class=\"elementor-column elementor-col-100 elementor-top-column elementor-element elementor-element-0ee5907\" data-id=\"0ee5907\" data-element_type=\"column\">\n\t\t\t<div class=\"elementor-widget-wrap elementor-element-populated\">\n\t\t\t\t\t\t\t\t<div class=\"elementor-element elementor-element-016fa1a elementor-widget elementor-widget-text-editor\" data-id=\"016fa1a\" data-element_type=\"widget\" data-widget_type=\"text-editor.default\">\n\t\t\t\t<div class=\"elementor-widget-container\">\n\t\t\t<style>\/*! elementor - v3.5.6 - 28-02-2022 *\/\n.elementor-widget-text-editor.elementor-drop-cap-view-stacked .elementor-drop-cap{background-color:#818a91;color:#fff}.elementor-widget-text-editor.elementor-drop-cap-view-framed .elementor-drop-cap{color:#818a91;border:3px solid;background-color:transparent}.elementor-widget-text-editor:not(.elementor-drop-cap-view-default) .elementor-drop-cap{margin-top:8px}.elementor-widget-text-editor:not(.elementor-drop-cap-view-default) .elementor-drop-cap-letter{width:1em;height:1em}.elementor-widget-text-editor .elementor-drop-cap{float:left;text-align:center;line-height:1;font-size:50px}.elementor-widget-text-editor .elementor-drop-cap-letter{display:inline-block}<\/style>\t\t\t\t<p>MAIN<\/p>\t\t\t\t\t\t<\/div>\n\t\t\t\t<\/div>\n\t\t\t\t<div class=\"elementor-element elementor-element-33cab67 elementor-widget elementor-widget-heading\" data-id=\"33cab67\" data-element_type=\"widget\" data-widget_type=\"heading.default\">\n\t\t\t\t<div class=\"elementor-widget-container\">\n\t\t\t<style>\/*! elementor - v3.5.6 - 28-02-2022 *\/\n.elementor-heading-title{padding:0;margin:0;line-height:1}.elementor-widget-heading .elementor-heading-title[class*=elementor-size-]>a{color:inherit;font-size:inherit;line-height:inherit}.elementor-widget-heading .elementor-heading-title.elementor-size-small{font-size:15px}.elementor-widget-heading .elementor-heading-title.elementor-size-medium{font-size:19px}.elementor-widget-heading .elementor-heading-title.elementor-size-large{font-size:29px}.elementor-widget-heading .elementor-heading-title.elementor-size-xl{font-size:39px}.elementor-widget-heading .elementor-heading-title.elementor-size-xxl{font-size:59px}<\/style><h1 class=\"elementor-heading-title elementor-size-default\">INDUSTRIES<\/h1>\t\t<\/div>\n\t\t\t\t<\/div>\n\t\t\t\t\t<\/div>\n\t\t<\/div>\n\t\t\t\t\t\t\t<\/div>\n\t\t<\/section>\n\t\t\t\t<section class=\"elementor-section elementor-top-section elementor-element elementor-element-ec179df elementor-section-boxed elementor-section-height-default elementor-section-height-default\" data-id=\"ec179df\" data-element_type=\"section\">\n\t\t\t\t\t\t<div class=\"elementor-container elementor-column-gap-default\">\n\t\t\t\t\t<div class=\"elementor-column elementor-col-50 elementor-top-column elementor-element elementor-element-814d1e3\" data-id=\"814d1e3\" data-element_type=\"column\">\n\t\t\t<div class=\"elementor-widget-wrap elementor-element-populated\">\n\t\t\t\t\t\t\t\t<div class=\"elementor-element elementor-element-c725975 elementor-widget elementor-widget-heading\" data-id=\"c725975\" data-element_type=\"widget\" data-widget_type=\"heading.default\">\n\t\t\t\t<div class=\"elementor-widget-container\">\n\t\t\t<h4 class=\"elementor-heading-title elementor-size-default\">Main<\/h4>\t\t<\/div>\n\t\t\t\t<\/div>\n\t\t\t\t<div class=\"elementor-element elementor-element-5aea9a3 elementor-widget elementor-widget-heading\" data-id=\"5aea9a3\" data-element_type=\"widget\" data-widget_type=\"heading.default\">\n\t\t\t\t<div class=\"elementor-widget-container\">\n\t\t\t<h2 class=\"elementor-heading-title elementor-size-default\">Industries<\/h2>\t\t<\/div>\n\t\t\t\t<\/div>\n\t\t\t\t\t<\/div>\n\t\t<\/div>\n\t\t\t\t<div class=\"elementor-column elementor-col-50 elementor-top-column elementor-element elementor-element-57fdb68\" data-id=\"57fdb68\" data-element_type=\"column\">\n\t\t\t<div class=\"elementor-widget-wrap elementor-element-populated\">\n\t\t\t\t\t\t\t\t<div class=\"elementor-element elementor-element-9a7aa90 elementor-widget elementor-widget-image\" data-id=\"9a7aa90\" data-element_type=\"widget\" data-widget_type=\"image.default\">\n\t\t\t\t<div class=\"elementor-widget-container\">\n\t\t\t<style>\/*! elementor - v3.5.6 - 28-02-2022 *\/\n.elementor-widget-image{text-align:center}.elementor-widget-image a{display:inline-block}.elementor-widget-image a img[src$=\".svg\"]{width:48px}.elementor-widget-image img{vertical-align:middle;display:inline-block}<\/style>\t\t\t\t\t\t\t\t\t\t\t\t<img width=\"1200\" height=\"800\" src=\"https:\/\/flvassocies.com\/wp-content\/uploads\/2021\/11\/FLV-AVOCATS.jpg\" class=\"attachment-full size-full\" alt=\"\" loading=\"lazy\" srcset=\"https:\/\/flvassocies.com\/wp-content\/uploads\/2021\/11\/FLV-AVOCATS.jpg 1200w, https:\/\/flvassocies.com\/wp-content\/uploads\/2021\/11\/FLV-AVOCATS-300x200.jpg 300w, https:\/\/flvassocies.com\/wp-content\/uploads\/2021\/11\/FLV-AVOCATS-1024x683.jpg 1024w, https:\/\/flvassocies.com\/wp-content\/uploads\/2021\/11\/FLV-AVOCATS-768x512.jpg 768w\" sizes=\"(max-width: 1200px) 100vw, 1200px\" \/>\t\t\t\t\t\t\t\t\t\t\t\t\t\t\t<\/div>\n\t\t\t\t<\/div>\n\t\t\t\t\t<\/div>\n\t\t<\/div>\n\t\t\t\t\t\t\t<\/div>\n\t\t<\/section>\n\t\t\t\t<section class=\"elementor-section elementor-top-section elementor-element elementor-element-c392ad3 elementor-section-full_width elementor-section-height-default elementor-section-height-default\" data-id=\"c392ad3\" data-element_type=\"section\">\n\t\t\t\t\t\t<div class=\"elementor-container elementor-column-gap-default\">\n\t\t\t\t\t<div class=\"elementor-column elementor-col-100 elementor-top-column elementor-element elementor-element-d5488b7\" data-id=\"d5488b7\" data-element_type=\"column\">\n\t\t\t<div class=\"elementor-widget-wrap elementor-element-populated\">\n\t\t\t\t\t\t\t\t<section class=\"elementor-section elementor-inner-section elementor-element elementor-element-0e46586 elementor-section-boxed elementor-section-height-default elementor-section-height-default\" data-id=\"0e46586\" data-element_type=\"section\">\n\t\t\t\t\t\t<div class=\"elementor-container elementor-column-gap-default\">\n\t\t\t\t\t<div class=\"elementor-column elementor-col-20 elementor-inner-column elementor-element elementor-element-7277f44\" data-id=\"7277f44\" data-element_type=\"column\">\n\t\t\t<div class=\"elementor-widget-wrap elementor-element-populated\">\n\t\t\t\t\t\t\t\t<div class=\"elementor-element elementor-element-3699769 elementor-flip-box--effect-fade elementor-widget elementor-widget-flip-box\" data-id=\"3699769\" data-element_type=\"widget\" data-widget_type=\"flip-box.default\">\n\t\t\t\t<div class=\"elementor-widget-container\">\n\t\t\t<link rel=\"stylesheet\" href=\"https:\/\/flvassocies.com\/wp-content\/plugins\/elementor-pro\/assets\/css\/widget-flip-box.min.css\">\t\t<div class=\"elementor-flip-box\">\n\t\t\t<div class=\"elementor-flip-box__layer elementor-flip-box__front\">\n\t\t\t\t<div class=\"elementor-flip-box__layer__overlay\">\n\t\t\t\t\t<div class=\"elementor-flip-box__layer__inner\">\n\t\t\t\t\t\t\n\t\t\t\t\t\t\n\t\t\t\t\t\t\t\t\t\t\t<\/div>\n\t\t\t\t<\/div>\n\t\t\t<\/div>\n\t\t\t<a class=\"elementor-flip-box__layer elementor-flip-box__back\" href=\"https:\/\/flvassocies.com\/en\/main-industries\/food-industry-spirits\/\">\n\t\t\t<div class=\"elementor-flip-box__layer__overlay\">\n\t\t\t\t<div class=\"elementor-flip-box__layer__inner\">\n\t\t\t\t\t\t\t\t\t\t\t<h3 class=\"elementor-flip-box__layer__title\">\n\t\t\t\t\t\t\tFOOD INDUSTRY SPIRITS\t\t\t\t\t\t<\/h3>\n\t\t\t\t\t\n\t\t\t\t\t\n\t\t\t\t\t\t\t\t\t\t\t<span class=\"elementor-flip-box__button elementor-button elementor-size-sm\">\n\t\t\t\t\t\t\tMORE\t\t\t\t\t\t<\/span>\n\t\t\t\t\t\t\t\t<\/div>\n\t\t<\/div>\n\t\t<\/a>\n\t\t<\/div>\n\t\t\t\t<\/div>\n\t\t\t\t<\/div>\n\t\t\t\t<div class=\"elementor-element elementor-element-bbf84df elementor-widget elementor-widget-heading\" data-id=\"bbf84df\" data-element_type=\"widget\" data-widget_type=\"heading.default\">\n\t\t\t\t<div class=\"elementor-widget-container\">\n\t\t\t<h2 class=\"elementor-heading-title elementor-size-default\"><a href=\"https:\/\/flvassocies.com\/en\/main-industries\/food-industry-spirits\/\">FOOD INDUSTRY SPIRITS<\/a><\/h2>\t\t<\/div>\n\t\t\t\t<\/div>\n\t\t\t\t\t<\/div>\n\t\t<\/div>\n\t\t\t\t<div class=\"elementor-column elementor-col-20 elementor-inner-column elementor-element elementor-element-f8fa40e\" data-id=\"f8fa40e\" data-element_type=\"column\">\n\t\t\t<div class=\"elementor-widget-wrap elementor-element-populated\">\n\t\t\t\t\t\t\t\t<div class=\"elementor-element elementor-element-7ecade7 elementor-flip-box--effect-fade elementor-widget elementor-widget-flip-box\" data-id=\"7ecade7\" data-element_type=\"widget\" data-widget_type=\"flip-box.default\">\n\t\t\t\t<div class=\"elementor-widget-container\">\n\t\t\t\t\t<div class=\"elementor-flip-box\">\n\t\t\t<div class=\"elementor-flip-box__layer elementor-flip-box__front\">\n\t\t\t\t<div class=\"elementor-flip-box__layer__overlay\">\n\t\t\t\t\t<div class=\"elementor-flip-box__layer__inner\">\n\t\t\t\t\t\t\n\t\t\t\t\t\t\n\t\t\t\t\t\t\t\t\t\t\t<\/div>\n\t\t\t\t<\/div>\n\t\t\t<\/div>\n\t\t\t<a class=\"elementor-flip-box__layer elementor-flip-box__back\" href=\"https:\/\/flvassocies.com\/en\/main-industries\/automotive\/\">\n\t\t\t<div class=\"elementor-flip-box__layer__overlay\">\n\t\t\t\t<div class=\"elementor-flip-box__layer__inner\">\n\t\t\t\t\t\t\t\t\t\t\t<h3 class=\"elementor-flip-box__layer__title\">\n\t\t\t\t\t\t\tAUTOMOTIVE\t\t\t\t\t\t<\/h3>\n\t\t\t\t\t\n\t\t\t\t\t\n\t\t\t\t\t\t\t\t\t\t\t<span class=\"elementor-flip-box__button elementor-button elementor-size-sm\">\n\t\t\t\t\t\t\tMORE\t\t\t\t\t\t<\/span>\n\t\t\t\t\t\t\t\t<\/div>\n\t\t<\/div>\n\t\t<\/a>\n\t\t<\/div>\n\t\t\t\t<\/div>\n\t\t\t\t<\/div>\n\t\t\t\t<div class=\"elementor-element elementor-element-a29c6c4 elementor-widget elementor-widget-heading\" data-id=\"a29c6c4\" data-element_type=\"widget\" data-widget_type=\"heading.default\">\n\t\t\t\t<div class=\"elementor-widget-container\">\n\t\t\t<h2 class=\"elementor-heading-title elementor-size-default\"><a href=\"https:\/\/flvassocies.com\/en\/main-industries\/automotive\/\">Automotive<\/a><\/h2>\t\t<\/div>\n\t\t\t\t<\/div>\n\t\t\t\t\t<\/div>\n\t\t<\/div>\n\t\t\t\t<div class=\"elementor-column elementor-col-20 elementor-inner-column elementor-element elementor-element-a7b31ef\" data-id=\"a7b31ef\" data-element_type=\"column\">\n\t\t\t<div class=\"elementor-widget-wrap elementor-element-populated\">\n\t\t\t\t\t\t\t\t<div class=\"elementor-element elementor-element-7e80a0f elementor-flip-box--effect-fade elementor-widget elementor-widget-flip-box\" data-id=\"7e80a0f\" data-element_type=\"widget\" data-widget_type=\"flip-box.default\">\n\t\t\t\t<div class=\"elementor-widget-container\">\n\t\t\t\t\t<div class=\"elementor-flip-box\">\n\t\t\t<div class=\"elementor-flip-box__layer elementor-flip-box__front\">\n\t\t\t\t<div class=\"elementor-flip-box__layer__overlay\">\n\t\t\t\t\t<div class=\"elementor-flip-box__layer__inner\">\n\t\t\t\t\t\t\n\t\t\t\t\t\t\n\t\t\t\t\t\t\t\t\t\t\t<\/div>\n\t\t\t\t<\/div>\n\t\t\t<\/div>\n\t\t\t<a class=\"elementor-flip-box__layer elementor-flip-box__back\" href=\"https:\/\/flvassocies.com\/en\/main-industries\/banking-finance\/\">\n\t\t\t<div class=\"elementor-flip-box__layer__overlay\">\n\t\t\t\t<div class=\"elementor-flip-box__layer__inner\">\n\t\t\t\t\t\t\t\t\t\t\t<h3 class=\"elementor-flip-box__layer__title\">\n\t\t\t\t\t\t\tBANKING FINANCE\t\t\t\t\t\t<\/h3>\n\t\t\t\t\t\n\t\t\t\t\t\n\t\t\t\t\t\t\t\t\t\t\t<span class=\"elementor-flip-box__button elementor-button elementor-size-sm\">\n\t\t\t\t\t\t\tMORE\t\t\t\t\t\t<\/span>\n\t\t\t\t\t\t\t\t<\/div>\n\t\t<\/div>\n\t\t<\/a>\n\t\t<\/div>\n\t\t\t\t<\/div>\n\t\t\t\t<\/div>\n\t\t\t\t<div class=\"elementor-element elementor-element-5628b51 elementor-widget elementor-widget-heading\" data-id=\"5628b51\" data-element_type=\"widget\" data-widget_type=\"heading.default\">\n\t\t\t\t<div class=\"elementor-widget-container\">\n\t\t\t<h2 class=\"elementor-heading-title elementor-size-default\"><a href=\"https:\/\/flvassocies.com\/en\/main-industries\/banking-finance\/\">BANKING FINANCE<\/a><\/h2>\t\t<\/div>\n\t\t\t\t<\/div>\n\t\t\t\t\t<\/div>\n\t\t<\/div>\n\t\t\t\t<div class=\"elementor-column elementor-col-20 elementor-inner-column elementor-element elementor-element-06f14a5\" data-id=\"06f14a5\" data-element_type=\"column\">\n\t\t\t<div class=\"elementor-widget-wrap elementor-element-populated\">\n\t\t\t\t\t\t\t\t<div class=\"elementor-element elementor-element-aed5d9f elementor-flip-box--effect-fade elementor-widget elementor-widget-flip-box\" data-id=\"aed5d9f\" data-element_type=\"widget\" data-widget_type=\"flip-box.default\">\n\t\t\t\t<div class=\"elementor-widget-container\">\n\t\t\t\t\t<div class=\"elementor-flip-box\">\n\t\t\t<div class=\"elementor-flip-box__layer elementor-flip-box__front\">\n\t\t\t\t<div class=\"elementor-flip-box__layer__overlay\">\n\t\t\t\t\t<div class=\"elementor-flip-box__layer__inner\">\n\t\t\t\t\t\t\n\t\t\t\t\t\t\n\t\t\t\t\t\t\t\t\t\t\t<\/div>\n\t\t\t\t<\/div>\n\t\t\t<\/div>\n\t\t\t<a class=\"elementor-flip-box__layer elementor-flip-box__back\" href=\"https:\/\/flvassocies.com\/en\/main-industries\/chemical-pharmaceuticals-cosmetics\/\">\n\t\t\t<div class=\"elementor-flip-box__layer__overlay\">\n\t\t\t\t<div class=\"elementor-flip-box__layer__inner\">\n\t\t\t\t\t\t\t\t\t\t\t<h3 class=\"elementor-flip-box__layer__title\">\n\t\t\t\t\t\t\tCHEMICALS PHARMACEUTICALS COSMETICS\t\t\t\t\t\t<\/h3>\n\t\t\t\t\t\n\t\t\t\t\t\n\t\t\t\t\t\t\t\t\t\t\t<span class=\"elementor-flip-box__button elementor-button elementor-size-sm\">\n\t\t\t\t\t\t\tMORE\t\t\t\t\t\t<\/span>\n\t\t\t\t\t\t\t\t<\/div>\n\t\t<\/div>\n\t\t<\/a>\n\t\t<\/div>\n\t\t\t\t<\/div>\n\t\t\t\t<\/div>\n\t\t\t\t<div class=\"elementor-element elementor-element-47101fd elementor-widget elementor-widget-heading\" data-id=\"47101fd\" data-element_type=\"widget\" data-widget_type=\"heading.default\">\n\t\t\t\t<div class=\"elementor-widget-container\">\n\t\t\t<h2 class=\"elementor-heading-title elementor-size-default\"><a href=\"https:\/\/flvassocies.com\/en\/main-industries\/chemical-pharmaceuticals-cosmetics\/\">CHEMICALS PHARMACEUTICALS COSMETICS<\/a><\/h2>\t\t<\/div>\n\t\t\t\t<\/div>\n\t\t\t\t\t<\/div>\n\t\t<\/div>\n\t\t\t\t<div class=\"elementor-column elementor-col-20 elementor-inner-column elementor-element elementor-element-cf8f85a\" data-id=\"cf8f85a\" data-element_type=\"column\">\n\t\t\t<div class=\"elementor-widget-wrap elementor-element-populated\">\n\t\t\t\t\t\t\t\t<div class=\"elementor-element elementor-element-ae7d5c8 elementor-flip-box--effect-fade elementor-widget elementor-widget-flip-box\" data-id=\"ae7d5c8\" data-element_type=\"widget\" data-widget_type=\"flip-box.default\">\n\t\t\t\t<div class=\"elementor-widget-container\">\n\t\t\t\t\t<div class=\"elementor-flip-box\">\n\t\t\t<div class=\"elementor-flip-box__layer elementor-flip-box__front\">\n\t\t\t\t<div class=\"elementor-flip-box__layer__overlay\">\n\t\t\t\t\t<div class=\"elementor-flip-box__layer__inner\">\n\t\t\t\t\t\t\n\t\t\t\t\t\t\n\t\t\t\t\t\t\t\t\t\t\t<\/div>\n\t\t\t\t<\/div>\n\t\t\t<\/div>\n\t\t\t<a class=\"elementor-flip-box__layer elementor-flip-box__back\" href=\"https:\/\/flvassocies.com\/en\/main-industries\/hospitality-real-estate\/\">\n\t\t\t<div class=\"elementor-flip-box__layer__overlay\">\n\t\t\t\t<div class=\"elementor-flip-box__layer__inner\">\n\t\t\t\t\t\t\t\t\t\t\t<h3 class=\"elementor-flip-box__layer__title\">\n\t\t\t\t\t\t\tHOSPITALITY REAL ESTATE\t\t\t\t\t\t<\/h3>\n\t\t\t\t\t\n\t\t\t\t\t\n\t\t\t\t\t\t\t\t\t\t\t<span class=\"elementor-flip-box__button elementor-button elementor-size-sm\">\n\t\t\t\t\t\t\tMORE\t\t\t\t\t\t<\/span>\n\t\t\t\t\t\t\t\t<\/div>\n\t\t<\/div>\n\t\t<\/a>\n\t\t<\/div>\n\t\t\t\t<\/div>\n\t\t\t\t<\/div>\n\t\t\t\t<div class=\"elementor-element elementor-element-8377c7c elementor-widget elementor-widget-heading\" data-id=\"8377c7c\" data-element_type=\"widget\" data-widget_type=\"heading.default\">\n\t\t\t\t<div class=\"elementor-widget-container\">\n\t\t\t<h2 class=\"elementor-heading-title elementor-size-default\"><a href=\"https:\/\/flvassocies.com\/en\/main-industries\/hospitality-real-estate\/\">HOSPITALITY REAL ESTATE<\/a><\/h2>\t\t<\/div>\n\t\t\t\t<\/div>\n\t\t\t\t\t<\/div>\n\t\t<\/div>\n\t\t\t\t\t\t\t<\/div>\n\t\t<\/section>\n\t\t\t\t\t<\/div>\n\t\t<\/div>\n\t\t\t\t\t\t\t<\/div>\n\t\t<\/section>\n\t\t\t\t\t\t<\/div>\n\t\t\t\t\t<\/div>\n\t\t","protected":false},"excerpt":{"rendered":"<p>MAIN INDUSTRIES Main Industries FOOD INDUSTRY SPIRITS MORE FOOD INDUSTRY SPIRITS AUTOMOTIVE MORE Automotive BANKING FINANCE MORE BANKING FINANCE CHEMICALS PHARMACEUTICALS COSMETICS MORE CHEMICALS PHARMACEUTICALS COSMETICS HOSPITALITY REAL ESTATE MORE HOSPITALITY REAL ESTATE<\/p>\n","protected":false},"author":1,"featured_media":0,"parent":0,"menu_order":0,"comment_status":"closed","ping_status":"closed","template":"elementor_header_footer","meta":[],"yoast_head":"<!-- This site is optimized with the Yoast SEO plugin v19.13 - https:\/\/yoast.com\/wordpress\/plugins\/seo\/ -->\n<title>MAIN INDUSTRIES - FLV &amp; Associ\u00e9s - Avocats Paris - Droit des affaires - Droit des soci\u00e9t\u00e9s - Droit commercial<\/title>\n<meta name=\"robots\" content=\"index, follow, max-snippet:-1, max-image-preview:large, max-video-preview:-1\" \/>\n<link rel=\"canonical\" href=\"https:\/\/flvassocies.com\/en\/main-industries\/\" \/>\n<meta property=\"og:locale\" content=\"en_US\" \/>\n<meta property=\"og:type\" content=\"article\" \/>\n<meta property=\"og:title\" content=\"MAIN INDUSTRIES - FLV &amp; Associ\u00e9s - Avocats Paris - Droit des affaires - Droit des soci\u00e9t\u00e9s - Droit commercial\" \/>\n<meta property=\"og:description\" content=\"MAIN INDUSTRIES Main Industries FOOD INDUSTRY SPIRITS MORE FOOD INDUSTRY SPIRITS AUTOMOTIVE MORE Automotive BANKING FINANCE MORE BANKING FINANCE CHEMICALS PHARMACEUTICALS COSMETICS MORE CHEMICALS PHARMACEUTICALS COSMETICS HOSPITALITY REAL ESTATE MORE HOSPITALITY REAL ESTATE\" \/>\n<meta property=\"og:url\" content=\"https:\/\/flvassocies.com\/en\/main-industries\/\" \/>\n<meta property=\"og:site_name\" content=\"FLV &amp; Associ\u00e9s - Avocats Paris - Droit des affaires - Droit des soci\u00e9t\u00e9s - Droit commercial\" \/>\n<meta property=\"article:modified_time\" content=\"2022-05-23T14:08:45+00:00\" \/>\n<meta property=\"og:image\" content=\"https:\/\/flvassocies.com\/wp-content\/uploads\/2021\/11\/FLV-AVOCATS.jpg\" \/>\n<meta name=\"twitter:card\" content=\"summary_large_image\" \/>\n<meta name=\"twitter:label1\" content=\"Est. reading time\" \/>\n\t<meta name=\"twitter:data1\" content=\"1 minute\" \/>\n<script type=\"application\/ld+json\" class=\"yoast-schema-graph\">{\"@context\":\"https:\/\/schema.org\",\"@graph\":[{\"@type\":\"WebPage\",\"@id\":\"https:\/\/flvassocies.com\/en\/main-industries\/\",\"url\":\"https:\/\/flvassocies.com\/en\/main-industries\/\",\"name\":\"MAIN INDUSTRIES - FLV &amp; Associ\u00e9s - Avocats Paris - Droit des affaires - Droit des soci\u00e9t\u00e9s - Droit commercial\",\"isPartOf\":{\"@id\":\"https:\/\/flvassocies.com\/#website\"},\"datePublished\":\"2021-11-16T09:22:25+00:00\",\"dateModified\":\"2022-05-23T14:08:45+00:00\",\"breadcrumb\":{\"@id\":\"https:\/\/flvassocies.com\/en\/main-industries\/#breadcrumb\"},\"inLanguage\":\"en-US\",\"potentialAction\":[{\"@type\":\"ReadAction\",\"target\":[\"https:\/\/flvassocies.com\/en\/main-industries\/\"]}]},{\"@type\":\"BreadcrumbList\",\"@id\":\"https:\/\/flvassocies.com\/en\/main-industries\/#breadcrumb\",\"itemListElement\":[{\"@type\":\"ListItem\",\"position\":1,\"name\":\"Accueil\",\"item\":\"https:\/\/flvassocies.com\/en\/\"},{\"@type\":\"ListItem\",\"position\":2,\"name\":\"MAIN INDUSTRIES\"}]},{\"@type\":\"WebSite\",\"@id\":\"https:\/\/flvassocies.com\/#website\",\"url\":\"https:\/\/flvassocies.com\/\",\"name\":\"FLV &amp; Associ\u00e9s - Avocats Paris - Droit des affaires - Droit des soci\u00e9t\u00e9s - Droit commercial\",\"description\":\"\",\"potentialAction\":[{\"@type\":\"SearchAction\",\"target\":{\"@type\":\"EntryPoint\",\"urlTemplate\":\"https:\/\/flvassocies.com\/?s={search_term_string}\"},\"query-input\":\"required name=search_term_string\"}],\"inLanguage\":\"en-US\"}]}<\/script>\n<!-- \/ Yoast SEO plugin. -->","yoast_head_json":{"title":"MAIN INDUSTRIES - FLV &amp; Associ\u00e9s - Avocats Paris - Droit des affaires - Droit des soci\u00e9t\u00e9s - Droit commercial","robots":{"index":"index","follow":"follow","max-snippet":"max-snippet:-1","max-image-preview":"max-image-preview:large","max-video-preview":"max-video-preview:-1"},"canonical":"https:\/\/flvassocies.com\/en\/main-industries\/","og_locale":"en_US","og_type":"article","og_title":"MAIN INDUSTRIES - FLV &amp; Associ\u00e9s - Avocats Paris - Droit des affaires - Droit des soci\u00e9t\u00e9s - Droit commercial","og_description":"MAIN INDUSTRIES Main Industries FOOD INDUSTRY SPIRITS MORE FOOD INDUSTRY SPIRITS AUTOMOTIVE MORE Automotive BANKING FINANCE MORE BANKING FINANCE CHEMICALS PHARMACEUTICALS COSMETICS MORE CHEMICALS PHARMACEUTICALS COSMETICS HOSPITALITY REAL ESTATE MORE HOSPITALITY REAL ESTATE","og_url":"https:\/\/flvassocies.com\/en\/main-industries\/","og_site_name":"FLV &amp; Associ\u00e9s - Avocats Paris - Droit des affaires - Droit des soci\u00e9t\u00e9s - Droit commercial","article_modified_time":"2022-05-23T14:08:45+00:00","og_image":[{"url":"https:\/\/flvassocies.com\/wp-content\/uploads\/2021\/11\/FLV-AVOCATS.jpg"}],"twitter_card":"summary_large_image","twitter_misc":{"Est. reading time":"1 minute"},"schema":{"@context":"https:\/\/schema.org","@graph":[{"@type":"WebPage","@id":"https:\/\/flvassocies.com\/en\/main-industries\/","url":"https:\/\/flvassocies.com\/en\/main-industries\/","name":"MAIN INDUSTRIES - FLV &amp; Associ\u00e9s - Avocats Paris - Droit des affaires - Droit des soci\u00e9t\u00e9s - Droit commercial","isPartOf":{"@id":"https:\/\/flvassocies.com\/#website"},"datePublished":"2021-11-16T09:22:25+00:00","dateModified":"2022-05-23T14:08:45+00:00","breadcrumb":{"@id":"https:\/\/flvassocies.com\/en\/main-industries\/#breadcrumb"},"inLanguage":"en-US","potentialAction":[{"@type":"ReadAction","target":["https:\/\/flvassocies.com\/en\/main-industries\/"]}]},{"@type":"BreadcrumbList","@id":"https:\/\/flvassocies.com\/en\/main-industries\/#breadcrumb","itemListElement":[{"@type":"ListItem","position":1,"name":"Accueil","item":"https:\/\/flvassocies.com\/en\/"},{"@type":"ListItem","position":2,"name":"MAIN INDUSTRIES"}]},{"@type":"WebSite","@id":"https:\/\/flvassocies.com\/#website","url":"https:\/\/flvassocies.com\/","name":"FLV &amp; Associ\u00e9s - Avocats Paris - Droit des affaires - Droit des soci\u00e9t\u00e9s - Droit commercial","description":"","potentialAction":[{"@type":"SearchAction","target":{"@type":"EntryPoint","urlTemplate":"https:\/\/flvassocies.com\/?s={search_term_string}"},"query-input":"required name=search_term_string"}],"inLanguage":"en-US"}]}},"_links":{"self":[{"href":"https:\/\/flvassocies.com\/en\/wp-json\/wp\/v2\/pages\/6649"}],"collection":[{"href":"https:\/\/flvassocies.com\/en\/wp-json\/wp\/v2\/pages"}],"about":[{"href":"https:\/\/flvassocies.com\/en\/wp-json\/wp\/v2\/types\/page"}],"author":[{"embeddable":true,"href":"https:\/\/flvassocies.com\/en\/wp-json\/wp\/v2\/users\/1"}],"replies":[{"embeddable":true,"href":"https:\/\/flvassocies.com\/en\/wp-json\/wp\/v2\/comments?post=6649"}],"version-history":[{"count":7,"href":"https:\/\/flvassocies.com\/en\/wp-json\/wp\/v2\/pages\/6649\/revisions"}],"predecessor-version":[{"id":6666,"href":"https:\/\/flvassocies.com\/en\/wp-json\/wp\/v2\/pages\/6649\/revisions\/6666"}],"wp:attachment":[{"href":"https:\/\/flvassocies.com\/en\/wp-json\/wp\/v2\/media?parent=6649"}],"curies":[{"name":"wp","href":"https:\/\/api.w.org\/{rel}","templated":true}]}}