{"id":6651,"date":"2021-11-17T10:34:46","date_gmt":"2021-11-17T09:34:46","guid":{"rendered":"https:\/\/flvassocies.com\/domaines-dintervention\/automobile\/"},"modified":"2022-05-23T16:21:43","modified_gmt":"2022-05-23T14:21:43","slug":"automotive","status":"publish","type":"page","link":"https:\/\/flvassocies.com\/en\/main-industries\/automotive\/","title":{"rendered":"Automotive"},"content":{"rendered":"\t\t<div data-elementor-type=\"wp-page\" data-elementor-id=\"6651\" class=\"elementor elementor-6651 elementor-4797\" data-elementor-settings=\"[]\">\n\t\t\t\t\t\t\t<div class=\"elementor-section-wrap\">\n\t\t\t\t\t\t\t<section class=\"elementor-section elementor-top-section elementor-element elementor-element-7df8549 elementor-section-height-min-height elementor-section-boxed elementor-section-height-default elementor-section-items-middle\" data-id=\"7df8549\" data-element_type=\"section\" data-settings=\"{&quot;background_background&quot;:&quot;classic&quot;}\">\n\t\t\t\t\t\t\t<div class=\"elementor-background-overlay\"><\/div>\n\t\t\t\t\t\t\t<div class=\"elementor-container elementor-column-gap-default\">\n\t\t\t\t\t<div class=\"elementor-column elementor-col-100 elementor-top-column elementor-element elementor-element-43720f6\" data-id=\"43720f6\" data-element_type=\"column\">\n\t\t\t<div class=\"elementor-widget-wrap elementor-element-populated\">\n\t\t\t\t\t\t\t\t<div class=\"elementor-element elementor-element-60bf1cb elementor-widget elementor-widget-text-editor\" data-id=\"60bf1cb\" data-element_type=\"widget\" data-widget_type=\"text-editor.default\">\n\t\t\t\t<div class=\"elementor-widget-container\">\n\t\t\t<style>\/*! elementor - v3.5.6 - 28-02-2022 *\/\n.elementor-widget-text-editor.elementor-drop-cap-view-stacked .elementor-drop-cap{background-color:#818a91;color:#fff}.elementor-widget-text-editor.elementor-drop-cap-view-framed .elementor-drop-cap{color:#818a91;border:3px solid;background-color:transparent}.elementor-widget-text-editor:not(.elementor-drop-cap-view-default) .elementor-drop-cap{margin-top:8px}.elementor-widget-text-editor:not(.elementor-drop-cap-view-default) .elementor-drop-cap-letter{width:1em;height:1em}.elementor-widget-text-editor .elementor-drop-cap{float:left;text-align:center;line-height:1;font-size:50px}.elementor-widget-text-editor .elementor-drop-cap-letter{display:inline-block}<\/style>\t\t\t\t<p>Main industries<\/p>\t\t\t\t\t\t<\/div>\n\t\t\t\t<\/div>\n\t\t\t\t<div class=\"elementor-element elementor-element-48ebe2d elementor-widget elementor-widget-heading\" data-id=\"48ebe2d\" data-element_type=\"widget\" data-widget_type=\"heading.default\">\n\t\t\t\t<div class=\"elementor-widget-container\">\n\t\t\t<style>\/*! elementor - v3.5.6 - 28-02-2022 *\/\n.elementor-heading-title{padding:0;margin:0;line-height:1}.elementor-widget-heading .elementor-heading-title[class*=elementor-size-]>a{color:inherit;font-size:inherit;line-height:inherit}.elementor-widget-heading .elementor-heading-title.elementor-size-small{font-size:15px}.elementor-widget-heading .elementor-heading-title.elementor-size-medium{font-size:19px}.elementor-widget-heading .elementor-heading-title.elementor-size-large{font-size:29px}.elementor-widget-heading .elementor-heading-title.elementor-size-xl{font-size:39px}.elementor-widget-heading .elementor-heading-title.elementor-size-xxl{font-size:59px}<\/style><h1 class=\"elementor-heading-title elementor-size-default\">AUTOMOTIVE<\/h1>\t\t<\/div>\n\t\t\t\t<\/div>\n\t\t\t\t\t<\/div>\n\t\t<\/div>\n\t\t\t\t\t\t\t<\/div>\n\t\t<\/section>\n\t\t\t\t<section class=\"elementor-section elementor-top-section elementor-element elementor-element-db37063 elementor-section-boxed elementor-section-height-default elementor-section-height-default\" data-id=\"db37063\" data-element_type=\"section\">\n\t\t\t\t\t\t<div class=\"elementor-container elementor-column-gap-default\">\n\t\t\t\t\t<div class=\"elementor-column elementor-col-50 elementor-top-column elementor-element elementor-element-ce990b1\" data-id=\"ce990b1\" data-element_type=\"column\">\n\t\t\t<div class=\"elementor-widget-wrap elementor-element-populated\">\n\t\t\t\t\t\t\t\t<div class=\"elementor-element elementor-element-0216ea9 elementor-widget elementor-widget-heading\" data-id=\"0216ea9\" data-element_type=\"widget\" data-widget_type=\"heading.default\">\n\t\t\t\t<div class=\"elementor-widget-container\">\n\t\t\t<h2 class=\"elementor-heading-title elementor-size-default\">AUTOMOTIVE<\/h2>\t\t<\/div>\n\t\t\t\t<\/div>\n\t\t\t\t<div class=\"elementor-element elementor-element-b0bb186 elementor-widget elementor-widget-text-editor\" data-id=\"b0bb186\" data-element_type=\"widget\" data-widget_type=\"text-editor.default\">\n\t\t\t\t<div class=\"elementor-widget-container\">\n\t\t\t\t\t\t\t<p style=\"text-align: justify;\"><strong>Our firm has a recognized expertise in the automotive industry and particularly in the sector of spare parts manufacturers.<\/strong><\/p><p style=\"text-align: justify;\">We assist various leading automotive equipment manufacturers in connection with all aspects related to the design and marketing of their products, whether on the OE or IAM markets (independent or manufacturer&#8217;s spare parts), in the organization of the distribution of their products, both in France (distribution strategy, annual negotiations) and abroad.<\/p><p style=\"text-align: justify;\">We also assist them in the context of traditional or specialized commercial litigations, as well as arbitration related to their business activities.<\/p><p style=\"text-align: justify;\">Our knowledge of the sector also leads us to regularly assist trade unions or professional associations involved in the automotive industry.<\/p><p style=\"text-align: justify;\">One of our partners is a certified mediator of the automotive industry&#8217;s mediation center.<\/p>\t\t\t\t\t\t<\/div>\n\t\t\t\t<\/div>\n\t\t\t\t\t<\/div>\n\t\t<\/div>\n\t\t\t\t<div class=\"elementor-column elementor-col-50 elementor-top-column elementor-element elementor-element-ae48dc3\" data-id=\"ae48dc3\" data-element_type=\"column\">\n\t\t\t<div class=\"elementor-widget-wrap elementor-element-populated\">\n\t\t\t\t\t\t\t\t<div class=\"elementor-element elementor-element-37055a5 elementor-widget elementor-widget-image\" data-id=\"37055a5\" data-element_type=\"widget\" data-widget_type=\"image.default\">\n\t\t\t\t<div class=\"elementor-widget-container\">\n\t\t\t<style>\/*! elementor - v3.5.6 - 28-02-2022 *\/\n.elementor-widget-image{text-align:center}.elementor-widget-image a{display:inline-block}.elementor-widget-image a img[src$=\".svg\"]{width:48px}.elementor-widget-image img{vertical-align:middle;display:inline-block}<\/style>\t\t\t\t\t\t\t\t\t\t\t\t<img width=\"800\" height=\"800\" src=\"https:\/\/flvassocies.com\/wp-content\/uploads\/2018\/11\/flv06.jpg\" class=\"attachment-full size-full\" alt=\"\" loading=\"lazy\" srcset=\"https:\/\/flvassocies.com\/wp-content\/uploads\/2018\/11\/flv06.jpg 800w, https:\/\/flvassocies.com\/wp-content\/uploads\/2018\/11\/flv06-150x150.jpg 150w, https:\/\/flvassocies.com\/wp-content\/uploads\/2018\/11\/flv06-300x300.jpg 300w, https:\/\/flvassocies.com\/wp-content\/uploads\/2018\/11\/flv06-768x768.jpg 768w, https:\/\/flvassocies.com\/wp-content\/uploads\/2018\/11\/flv06-600x600.jpg 600w, https:\/\/flvassocies.com\/wp-content\/uploads\/2018\/11\/flv06-500x500.jpg 500w, https:\/\/flvassocies.com\/wp-content\/uploads\/2018\/11\/flv06-480x480.jpg 480w\" sizes=\"(max-width: 800px) 100vw, 800px\" \/>\t\t\t\t\t\t\t\t\t\t\t\t\t\t\t<\/div>\n\t\t\t\t<\/div>\n\t\t\t\t\t<\/div>\n\t\t<\/div>\n\t\t\t\t\t\t\t<\/div>\n\t\t<\/section>\n\t\t\t\t<section class=\"elementor-section elementor-top-section elementor-element elementor-element-db07472 elementor-section-full_width elementor-section-height-default elementor-section-height-default\" data-id=\"db07472\" data-element_type=\"section\">\n\t\t\t\t\t\t<div class=\"elementor-container elementor-column-gap-default\">\n\t\t\t\t\t<div class=\"elementor-column elementor-col-100 elementor-top-column elementor-element elementor-element-52de7d4\" data-id=\"52de7d4\" data-element_type=\"column\">\n\t\t\t<div class=\"elementor-widget-wrap elementor-element-populated\">\n\t\t\t\t\t\t\t\t<section class=\"elementor-section elementor-inner-section elementor-element elementor-element-46814bc elementor-section-boxed elementor-section-height-default elementor-section-height-default\" data-id=\"46814bc\" data-element_type=\"section\">\n\t\t\t\t\t\t<div class=\"elementor-container elementor-column-gap-default\">\n\t\t\t\t\t<div class=\"elementor-column elementor-col-20 elementor-inner-column elementor-element elementor-element-d335116\" data-id=\"d335116\" data-element_type=\"column\">\n\t\t\t<div class=\"elementor-widget-wrap elementor-element-populated\">\n\t\t\t\t\t\t\t\t<div class=\"elementor-element elementor-element-2698d16 elementor-flip-box--effect-fade elementor-widget elementor-widget-flip-box\" data-id=\"2698d16\" data-element_type=\"widget\" data-widget_type=\"flip-box.default\">\n\t\t\t\t<div class=\"elementor-widget-container\">\n\t\t\t<link rel=\"stylesheet\" href=\"https:\/\/flvassocies.com\/wp-content\/plugins\/elementor-pro\/assets\/css\/widget-flip-box.min.css\">\t\t<div class=\"elementor-flip-box\">\n\t\t\t<div class=\"elementor-flip-box__layer elementor-flip-box__front\">\n\t\t\t\t<div class=\"elementor-flip-box__layer__overlay\">\n\t\t\t\t\t<div class=\"elementor-flip-box__layer__inner\">\n\t\t\t\t\t\t\n\t\t\t\t\t\t\n\t\t\t\t\t\t\t\t\t\t\t<\/div>\n\t\t\t\t<\/div>\n\t\t\t<\/div>\n\t\t\t<a class=\"elementor-flip-box__layer elementor-flip-box__back\" href=\"https:\/\/flvassocies.com\/en\/main-industries\/food-industry-spirits\/\">\n\t\t\t<div class=\"elementor-flip-box__layer__overlay\">\n\t\t\t\t<div class=\"elementor-flip-box__layer__inner\">\n\t\t\t\t\t\t\t\t\t\t\t<h3 class=\"elementor-flip-box__layer__title\">\n\t\t\t\t\t\t\tFOOD INDUSTRY SPIRITS\t\t\t\t\t\t<\/h3>\n\t\t\t\t\t\n\t\t\t\t\t\n\t\t\t\t\t\t\t\t\t\t\t<span class=\"elementor-flip-box__button elementor-button elementor-size-sm\">\n\t\t\t\t\t\t\tMORE\t\t\t\t\t\t<\/span>\n\t\t\t\t\t\t\t\t<\/div>\n\t\t<\/div>\n\t\t<\/a>\n\t\t<\/div>\n\t\t\t\t<\/div>\n\t\t\t\t<\/div>\n\t\t\t\t<div class=\"elementor-element elementor-element-82f2d4e elementor-widget elementor-widget-heading\" data-id=\"82f2d4e\" data-element_type=\"widget\" data-widget_type=\"heading.default\">\n\t\t\t\t<div class=\"elementor-widget-container\">\n\t\t\t<h2 class=\"elementor-heading-title elementor-size-default\"><a href=\"https:\/\/flvassocies.com\/en\/main-industries\/food-industry-spirits\/\">FOOD INDUSTRY SPIRITS<\/a><\/h2>\t\t<\/div>\n\t\t\t\t<\/div>\n\t\t\t\t\t<\/div>\n\t\t<\/div>\n\t\t\t\t<div class=\"elementor-column elementor-col-20 elementor-inner-column elementor-element elementor-element-0267054\" data-id=\"0267054\" data-element_type=\"column\">\n\t\t\t<div class=\"elementor-widget-wrap elementor-element-populated\">\n\t\t\t\t\t\t\t\t<div class=\"elementor-element elementor-element-4b44379 elementor-flip-box--effect-fade elementor-widget elementor-widget-flip-box\" data-id=\"4b44379\" data-element_type=\"widget\" data-widget_type=\"flip-box.default\">\n\t\t\t\t<div class=\"elementor-widget-container\">\n\t\t\t\t\t<div class=\"elementor-flip-box\">\n\t\t\t<div class=\"elementor-flip-box__layer elementor-flip-box__front\">\n\t\t\t\t<div class=\"elementor-flip-box__layer__overlay\">\n\t\t\t\t\t<div class=\"elementor-flip-box__layer__inner\">\n\t\t\t\t\t\t\n\t\t\t\t\t\t\n\t\t\t\t\t\t\t\t\t\t\t<\/div>\n\t\t\t\t<\/div>\n\t\t\t<\/div>\n\t\t\t<a class=\"elementor-flip-box__layer elementor-flip-box__back\" href=\"https:\/\/flvassocies.com\/en\/main-industries\/automotive\/\">\n\t\t\t<div class=\"elementor-flip-box__layer__overlay\">\n\t\t\t\t<div class=\"elementor-flip-box__layer__inner\">\n\t\t\t\t\t\t\t\t\t\t\t<h3 class=\"elementor-flip-box__layer__title\">\n\t\t\t\t\t\t\tAUTOMOTIVE\t\t\t\t\t\t<\/h3>\n\t\t\t\t\t\n\t\t\t\t\t\n\t\t\t\t\t\t\t\t\t\t\t<span class=\"elementor-flip-box__button elementor-button elementor-size-sm\">\n\t\t\t\t\t\t\tMORE\t\t\t\t\t\t<\/span>\n\t\t\t\t\t\t\t\t<\/div>\n\t\t<\/div>\n\t\t<\/a>\n\t\t<\/div>\n\t\t\t\t<\/div>\n\t\t\t\t<\/div>\n\t\t\t\t<div class=\"elementor-element elementor-element-574fb23 elementor-widget elementor-widget-heading\" data-id=\"574fb23\" data-element_type=\"widget\" data-widget_type=\"heading.default\">\n\t\t\t\t<div class=\"elementor-widget-container\">\n\t\t\t<h2 class=\"elementor-heading-title elementor-size-default\"><a href=\"https:\/\/flvassocies.com\/en\/main-industries\/automotive\/\">Automotive<\/a><\/h2>\t\t<\/div>\n\t\t\t\t<\/div>\n\t\t\t\t\t<\/div>\n\t\t<\/div>\n\t\t\t\t<div class=\"elementor-column elementor-col-20 elementor-inner-column elementor-element elementor-element-8240d13\" data-id=\"8240d13\" data-element_type=\"column\">\n\t\t\t<div class=\"elementor-widget-wrap elementor-element-populated\">\n\t\t\t\t\t\t\t\t<div class=\"elementor-element elementor-element-8fe884b elementor-flip-box--effect-fade elementor-widget elementor-widget-flip-box\" data-id=\"8fe884b\" data-element_type=\"widget\" data-widget_type=\"flip-box.default\">\n\t\t\t\t<div class=\"elementor-widget-container\">\n\t\t\t\t\t<div class=\"elementor-flip-box\">\n\t\t\t<div class=\"elementor-flip-box__layer elementor-flip-box__front\">\n\t\t\t\t<div class=\"elementor-flip-box__layer__overlay\">\n\t\t\t\t\t<div class=\"elementor-flip-box__layer__inner\">\n\t\t\t\t\t\t\n\t\t\t\t\t\t\n\t\t\t\t\t\t\t\t\t\t\t<\/div>\n\t\t\t\t<\/div>\n\t\t\t<\/div>\n\t\t\t<a class=\"elementor-flip-box__layer elementor-flip-box__back\" href=\"https:\/\/flvassocies.com\/en\/main-industries\/banking-finance\/\">\n\t\t\t<div class=\"elementor-flip-box__layer__overlay\">\n\t\t\t\t<div class=\"elementor-flip-box__layer__inner\">\n\t\t\t\t\t\t\t\t\t\t\t<h3 class=\"elementor-flip-box__layer__title\">\n\t\t\t\t\t\t\tBANKING FINANCE\t\t\t\t\t\t<\/h3>\n\t\t\t\t\t\n\t\t\t\t\t\n\t\t\t\t\t\t\t\t\t\t\t<span class=\"elementor-flip-box__button elementor-button elementor-size-sm\">\n\t\t\t\t\t\t\tMORE\t\t\t\t\t\t<\/span>\n\t\t\t\t\t\t\t\t<\/div>\n\t\t<\/div>\n\t\t<\/a>\n\t\t<\/div>\n\t\t\t\t<\/div>\n\t\t\t\t<\/div>\n\t\t\t\t<div class=\"elementor-element elementor-element-e240cbd elementor-widget elementor-widget-heading\" data-id=\"e240cbd\" data-element_type=\"widget\" data-widget_type=\"heading.default\">\n\t\t\t\t<div class=\"elementor-widget-container\">\n\t\t\t<h2 class=\"elementor-heading-title elementor-size-default\"><a href=\"https:\/\/flvassocies.com\/en\/main-industries\/banking-finance\/\">BANKING FINANCE<\/a><\/h2>\t\t<\/div>\n\t\t\t\t<\/div>\n\t\t\t\t\t<\/div>\n\t\t<\/div>\n\t\t\t\t<div class=\"elementor-column elementor-col-20 elementor-inner-column elementor-element elementor-element-1cb0d4e\" data-id=\"1cb0d4e\" data-element_type=\"column\">\n\t\t\t<div class=\"elementor-widget-wrap elementor-element-populated\">\n\t\t\t\t\t\t\t\t<div class=\"elementor-element elementor-element-2ccedfa elementor-flip-box--effect-fade elementor-widget elementor-widget-flip-box\" data-id=\"2ccedfa\" data-element_type=\"widget\" data-widget_type=\"flip-box.default\">\n\t\t\t\t<div class=\"elementor-widget-container\">\n\t\t\t\t\t<div class=\"elementor-flip-box\">\n\t\t\t<div class=\"elementor-flip-box__layer elementor-flip-box__front\">\n\t\t\t\t<div class=\"elementor-flip-box__layer__overlay\">\n\t\t\t\t\t<div class=\"elementor-flip-box__layer__inner\">\n\t\t\t\t\t\t\n\t\t\t\t\t\t\n\t\t\t\t\t\t\t\t\t\t\t<\/div>\n\t\t\t\t<\/div>\n\t\t\t<\/div>\n\t\t\t<a class=\"elementor-flip-box__layer elementor-flip-box__back\" href=\"https:\/\/flvassocies.com\/en\/main-industries\/chemical-pharmaceuticals-cosmetics\/\">\n\t\t\t<div class=\"elementor-flip-box__layer__overlay\">\n\t\t\t\t<div class=\"elementor-flip-box__layer__inner\">\n\t\t\t\t\t\t\t\t\t\t\t<h3 class=\"elementor-flip-box__layer__title\">\n\t\t\t\t\t\t\tCHEMICALS PHARMACEUTICALS COSMETICS\t\t\t\t\t\t<\/h3>\n\t\t\t\t\t\n\t\t\t\t\t\n\t\t\t\t\t\t\t\t\t\t\t<span class=\"elementor-flip-box__button elementor-button elementor-size-sm\">\n\t\t\t\t\t\t\tMORE\t\t\t\t\t\t<\/span>\n\t\t\t\t\t\t\t\t<\/div>\n\t\t<\/div>\n\t\t<\/a>\n\t\t<\/div>\n\t\t\t\t<\/div>\n\t\t\t\t<\/div>\n\t\t\t\t<div class=\"elementor-element elementor-element-7cc6c69 elementor-widget elementor-widget-heading\" data-id=\"7cc6c69\" data-element_type=\"widget\" data-widget_type=\"heading.default\">\n\t\t\t\t<div class=\"elementor-widget-container\">\n\t\t\t<h2 class=\"elementor-heading-title elementor-size-default\"><a href=\"https:\/\/flvassocies.com\/en\/main-industries\/chemical-pharmaceuticals-cosmetics\/\">CHEMICALS PHARMACEUTICALS COSMETICS<\/a><\/h2>\t\t<\/div>\n\t\t\t\t<\/div>\n\t\t\t\t\t<\/div>\n\t\t<\/div>\n\t\t\t\t<div class=\"elementor-column elementor-col-20 elementor-inner-column elementor-element elementor-element-68f04a7\" data-id=\"68f04a7\" data-element_type=\"column\">\n\t\t\t<div class=\"elementor-widget-wrap elementor-element-populated\">\n\t\t\t\t\t\t\t\t<div class=\"elementor-element elementor-element-a6789b6 elementor-flip-box--effect-fade elementor-widget elementor-widget-flip-box\" data-id=\"a6789b6\" data-element_type=\"widget\" data-widget_type=\"flip-box.default\">\n\t\t\t\t<div class=\"elementor-widget-container\">\n\t\t\t\t\t<div class=\"elementor-flip-box\">\n\t\t\t<div class=\"elementor-flip-box__layer elementor-flip-box__front\">\n\t\t\t\t<div class=\"elementor-flip-box__layer__overlay\">\n\t\t\t\t\t<div class=\"elementor-flip-box__layer__inner\">\n\t\t\t\t\t\t\n\t\t\t\t\t\t\n\t\t\t\t\t\t\t\t\t\t\t<\/div>\n\t\t\t\t<\/div>\n\t\t\t<\/div>\n\t\t\t<a class=\"elementor-flip-box__layer elementor-flip-box__back\" href=\"https:\/\/flvassocies.com\/en\/main-industries\/hospitality-real-estate\/\">\n\t\t\t<div class=\"elementor-flip-box__layer__overlay\">\n\t\t\t\t<div class=\"elementor-flip-box__layer__inner\">\n\t\t\t\t\t\t\t\t\t\t\t<h3 class=\"elementor-flip-box__layer__title\">\n\t\t\t\t\t\t\tHOSPITALITY REAL ESTATE\t\t\t\t\t\t<\/h3>\n\t\t\t\t\t\n\t\t\t\t\t\n\t\t\t\t\t\t\t\t\t\t\t<span class=\"elementor-flip-box__button elementor-button elementor-size-sm\">\n\t\t\t\t\t\t\tMORE\t\t\t\t\t\t<\/span>\n\t\t\t\t\t\t\t\t<\/div>\n\t\t<\/div>\n\t\t<\/a>\n\t\t<\/div>\n\t\t\t\t<\/div>\n\t\t\t\t<\/div>\n\t\t\t\t<div class=\"elementor-element elementor-element-3cf4dde elementor-widget elementor-widget-heading\" data-id=\"3cf4dde\" data-element_type=\"widget\" data-widget_type=\"heading.default\">\n\t\t\t\t<div class=\"elementor-widget-container\">\n\t\t\t<h2 class=\"elementor-heading-title elementor-size-default\"><a href=\"https:\/\/flvassocies.com\/en\/main-industries\/hospitality-real-estate\/\">HOSPITALITY REAL ESTATE<\/a><\/h2>\t\t<\/div>\n\t\t\t\t<\/div>\n\t\t\t\t\t<\/div>\n\t\t<\/div>\n\t\t\t\t\t\t\t<\/div>\n\t\t<\/section>\n\t\t\t\t\t<\/div>\n\t\t<\/div>\n\t\t\t\t\t\t\t<\/div>\n\t\t<\/section>\n\t\t\t\t\t\t<\/div>\n\t\t\t\t\t<\/div>\n\t\t","protected":false},"excerpt":{"rendered":"<p>Main industries AUTOMOTIVE AUTOMOTIVE Our firm has a recognized expertise in the automotive industry and particularly in the sector of spare parts manufacturers. We assist various leading automotive equipment manufacturers in connection with all aspects related to the design and marketing of their products, whether on the OE or IAM markets (independent or manufacturer&#8217;s spare [&hellip;]<\/p>\n","protected":false},"author":1,"featured_media":0,"parent":6649,"menu_order":0,"comment_status":"closed","ping_status":"closed","template":"elementor_header_footer","meta":[],"yoast_head":"<!-- This site is optimized with the Yoast SEO plugin v19.13 - https:\/\/yoast.com\/wordpress\/plugins\/seo\/ -->\n<title>Automotive - FLV &amp; Associ\u00e9s - Avocats Paris - Droit des affaires - Droit des soci\u00e9t\u00e9s - Droit commercial<\/title>\n<meta name=\"robots\" content=\"index, follow, max-snippet:-1, max-image-preview:large, max-video-preview:-1\" \/>\n<link rel=\"canonical\" href=\"https:\/\/flvassocies.com\/en\/main-industries\/automotive\/\" \/>\n<meta property=\"og:locale\" content=\"en_US\" \/>\n<meta property=\"og:type\" content=\"article\" \/>\n<meta property=\"og:title\" content=\"Automotive - FLV &amp; Associ\u00e9s - Avocats Paris - Droit des affaires - Droit des soci\u00e9t\u00e9s - Droit commercial\" \/>\n<meta property=\"og:description\" content=\"Main industries AUTOMOTIVE AUTOMOTIVE Our firm has a recognized expertise in the automotive industry and particularly in the sector of spare parts manufacturers. We assist various leading automotive equipment manufacturers in connection with all aspects related to the design and marketing of their products, whether on the OE or IAM markets (independent or manufacturer&#8217;s spare [&hellip;]\" \/>\n<meta property=\"og:url\" content=\"https:\/\/flvassocies.com\/en\/main-industries\/automotive\/\" \/>\n<meta property=\"og:site_name\" content=\"FLV &amp; Associ\u00e9s - Avocats Paris - Droit des affaires - Droit des soci\u00e9t\u00e9s - Droit commercial\" \/>\n<meta property=\"article:modified_time\" content=\"2022-05-23T14:21:43+00:00\" \/>\n<meta property=\"og:image\" content=\"https:\/\/flvassocies.com\/wp-content\/uploads\/2018\/11\/flv06.jpg\" \/>\n<meta name=\"twitter:card\" content=\"summary_large_image\" \/>\n<meta name=\"twitter:label1\" content=\"Est. reading time\" \/>\n\t<meta name=\"twitter:data1\" content=\"1 minute\" \/>\n<script type=\"application\/ld+json\" class=\"yoast-schema-graph\">{\"@context\":\"https:\/\/schema.org\",\"@graph\":[{\"@type\":\"WebPage\",\"@id\":\"https:\/\/flvassocies.com\/en\/main-industries\/automotive\/\",\"url\":\"https:\/\/flvassocies.com\/en\/main-industries\/automotive\/\",\"name\":\"Automotive - FLV &amp; Associ\u00e9s - Avocats Paris - Droit des affaires - Droit des soci\u00e9t\u00e9s - Droit commercial\",\"isPartOf\":{\"@id\":\"https:\/\/flvassocies.com\/#website\"},\"datePublished\":\"2021-11-17T09:34:46+00:00\",\"dateModified\":\"2022-05-23T14:21:43+00:00\",\"breadcrumb\":{\"@id\":\"https:\/\/flvassocies.com\/en\/main-industries\/automotive\/#breadcrumb\"},\"inLanguage\":\"en-US\",\"potentialAction\":[{\"@type\":\"ReadAction\",\"target\":[\"https:\/\/flvassocies.com\/en\/main-industries\/automotive\/\"]}]},{\"@type\":\"BreadcrumbList\",\"@id\":\"https:\/\/flvassocies.com\/en\/main-industries\/automotive\/#breadcrumb\",\"itemListElement\":[{\"@type\":\"ListItem\",\"position\":1,\"name\":\"Accueil\",\"item\":\"https:\/\/flvassocies.com\/en\/\"},{\"@type\":\"ListItem\",\"position\":2,\"name\":\"MAIN INDUSTRIES\",\"item\":\"https:\/\/flvassocies.com\/en\/main-industries\/\"},{\"@type\":\"ListItem\",\"position\":3,\"name\":\"Automotive\"}]},{\"@type\":\"WebSite\",\"@id\":\"https:\/\/flvassocies.com\/#website\",\"url\":\"https:\/\/flvassocies.com\/\",\"name\":\"FLV &amp; Associ\u00e9s - Avocats Paris - Droit des affaires - Droit des soci\u00e9t\u00e9s - Droit commercial\",\"description\":\"\",\"potentialAction\":[{\"@type\":\"SearchAction\",\"target\":{\"@type\":\"EntryPoint\",\"urlTemplate\":\"https:\/\/flvassocies.com\/?s={search_term_string}\"},\"query-input\":\"required name=search_term_string\"}],\"inLanguage\":\"en-US\"}]}<\/script>\n<!-- \/ Yoast SEO plugin. -->","yoast_head_json":{"title":"Automotive - FLV &amp; Associ\u00e9s - Avocats Paris - Droit des affaires - Droit des soci\u00e9t\u00e9s - Droit commercial","robots":{"index":"index","follow":"follow","max-snippet":"max-snippet:-1","max-image-preview":"max-image-preview:large","max-video-preview":"max-video-preview:-1"},"canonical":"https:\/\/flvassocies.com\/en\/main-industries\/automotive\/","og_locale":"en_US","og_type":"article","og_title":"Automotive - FLV &amp; Associ\u00e9s - Avocats Paris - Droit des affaires - Droit des soci\u00e9t\u00e9s - Droit commercial","og_description":"Main industries AUTOMOTIVE AUTOMOTIVE Our firm has a recognized expertise in the automotive industry and particularly in the sector of spare parts manufacturers. We assist various leading automotive equipment manufacturers in connection with all aspects related to the design and marketing of their products, whether on the OE or IAM markets (independent or manufacturer&#8217;s spare [&hellip;]","og_url":"https:\/\/flvassocies.com\/en\/main-industries\/automotive\/","og_site_name":"FLV &amp; Associ\u00e9s - Avocats Paris - Droit des affaires - Droit des soci\u00e9t\u00e9s - Droit commercial","article_modified_time":"2022-05-23T14:21:43+00:00","og_image":[{"url":"https:\/\/flvassocies.com\/wp-content\/uploads\/2018\/11\/flv06.jpg"}],"twitter_card":"summary_large_image","twitter_misc":{"Est. reading time":"1 minute"},"schema":{"@context":"https:\/\/schema.org","@graph":[{"@type":"WebPage","@id":"https:\/\/flvassocies.com\/en\/main-industries\/automotive\/","url":"https:\/\/flvassocies.com\/en\/main-industries\/automotive\/","name":"Automotive - FLV &amp; Associ\u00e9s - Avocats Paris - Droit des affaires - Droit des soci\u00e9t\u00e9s - Droit commercial","isPartOf":{"@id":"https:\/\/flvassocies.com\/#website"},"datePublished":"2021-11-17T09:34:46+00:00","dateModified":"2022-05-23T14:21:43+00:00","breadcrumb":{"@id":"https:\/\/flvassocies.com\/en\/main-industries\/automotive\/#breadcrumb"},"inLanguage":"en-US","potentialAction":[{"@type":"ReadAction","target":["https:\/\/flvassocies.com\/en\/main-industries\/automotive\/"]}]},{"@type":"BreadcrumbList","@id":"https:\/\/flvassocies.com\/en\/main-industries\/automotive\/#breadcrumb","itemListElement":[{"@type":"ListItem","position":1,"name":"Accueil","item":"https:\/\/flvassocies.com\/en\/"},{"@type":"ListItem","position":2,"name":"MAIN INDUSTRIES","item":"https:\/\/flvassocies.com\/en\/main-industries\/"},{"@type":"ListItem","position":3,"name":"Automotive"}]},{"@type":"WebSite","@id":"https:\/\/flvassocies.com\/#website","url":"https:\/\/flvassocies.com\/","name":"FLV &amp; Associ\u00e9s - Avocats Paris - Droit des affaires - Droit des soci\u00e9t\u00e9s - Droit commercial","description":"","potentialAction":[{"@type":"SearchAction","target":{"@type":"EntryPoint","urlTemplate":"https:\/\/flvassocies.com\/?s={search_term_string}"},"query-input":"required name=search_term_string"}],"inLanguage":"en-US"}]}},"_links":{"self":[{"href":"https:\/\/flvassocies.com\/en\/wp-json\/wp\/v2\/pages\/6651"}],"collection":[{"href":"https:\/\/flvassocies.com\/en\/wp-json\/wp\/v2\/pages"}],"about":[{"href":"https:\/\/flvassocies.com\/en\/wp-json\/wp\/v2\/types\/page"}],"author":[{"embeddable":true,"href":"https:\/\/flvassocies.com\/en\/wp-json\/wp\/v2\/users\/1"}],"replies":[{"embeddable":true,"href":"https:\/\/flvassocies.com\/en\/wp-json\/wp\/v2\/comments?post=6651"}],"version-history":[{"count":4,"href":"https:\/\/flvassocies.com\/en\/wp-json\/wp\/v2\/pages\/6651\/revisions"}],"predecessor-version":[{"id":6673,"href":"https:\/\/flvassocies.com\/en\/wp-json\/wp\/v2\/pages\/6651\/revisions\/6673"}],"up":[{"embeddable":true,"href":"https:\/\/flvassocies.com\/en\/wp-json\/wp\/v2\/pages\/6649"}],"wp:attachment":[{"href":"https:\/\/flvassocies.com\/en\/wp-json\/wp\/v2\/media?parent=6651"}],"curies":[{"name":"wp","href":"https:\/\/api.w.org\/{rel}","templated":true}]}}